{"id":10,"date":"2023-10-14T06:38:44","date_gmt":"2023-10-14T06:38:44","guid":{"rendered":"https:\/\/archery.jawia.pl\/?page_id=10"},"modified":"2023-10-14T08:42:37","modified_gmt":"2023-10-14T08:42:37","slug":"oferta","status":"publish","type":"page","link":"https:\/\/archery.jawia.pl\/index.php\/oferta\/","title":{"rendered":"Oferta"},"content":{"rendered":"\n<div class=\"wp-block-cover alignfull\" style=\"min-height:300px;aspect-ratio:unset;\"><span aria-hidden=\"true\" class=\"wp-block-cover__background has-nv-site-bg-background-color has-background-dim-100 has-background-dim\"><\/span><div class=\"wp-block-cover__inner-container is-layout-flow wp-block-cover-is-layout-flow\">\n<div class=\"wp-block-group\"><div class=\"wp-block-group__inner-container is-layout-flow wp-block-group-is-layout-flow\">\n<h1 class=\"wp-block-heading has-text-align-left has-neve-text-color-color has-text-color\">Oferta<\/h1>\n\n\n\n<div class=\"wp-block-columns is-layout-flex wp-container-core-columns-is-layout-1 wp-block-columns-is-layout-flex\">\n<div class=\"wp-block-column is-layout-flow wp-block-column-is-layout-flow\">\n<p class=\"has-nv-dark-bg-color has-text-color\"><strong>Ch\u0119tnie zorganizujemy \u015bwietn\u0105 i bezpieczn\u0105 zabaw\u0119 z \u0142ukiem<\/strong><br><strong>(tak\u017ce w strojach historycznych).<br>U\u015bwietniamy, mi\u0119dzy innymi:<br><\/strong>\u2714 Spotkania ze znajomymi,<br>\u2714 Wieczory kawalerskie,<br>\u2714 Eventy firmowe,<br>\u2714 Imprezy integracyjne,<br>\u2714 Imprezy i wydarzenia dla dzieci.<\/p>\n<\/div>\n\n\n\n<div class=\"wp-block-column is-layout-flow wp-block-column-is-layout-flow\">\n<p class=\"has-neve-text-color-color has-text-color\"><strong>Co mo\u017cemy dla Ciebie zrobi\u0107?<br><\/strong>\u2714 Przedstawi\u0107 (w formie prelekcji) czym jest \u0142ucznictwo tradycyjne,<br>\u2714 Zorganizowa\u0107 pokaz strzelania z \u0142uk\u00f3w tradycyjnych,<br>\u2714 Przygotowa\u0107 kurs \u0142ucznictwa,<br>\u2714 Przygotowa\u0107  mini tor \u0142uczniczy,<br>\u2714 Zorganizowwa\u0107 mini turniej \u0142uczniczy,<br>\u2714 Przeprowadzi\u0107 indywidualne instrukta\u017ce dla zainteresowanych.<br>\u2714 Doradzi\u0107 co kupi\u0107, aby rozpocz\u0105\u0107 przygod\u0119 z \u0142ucznictwem.<\/p>\n<\/div>\n<\/div>\n\n\n\n<p class=\"has-nv-dark-bg-color has-text-color\"><br><strong>Zapewniamy \u015bwietn\u0105 zabaw\u0119 i niezapomniane chwile z \u0142ucznictwem! Sprawd\u017a nasze <a href=\"http:\/\/www.archery.jawia.pl\/#rekomendacje\">rekomendacje<\/a>.<\/strong><\/p>\n\n\n\n<div class=\"wp-block-buttons is-content-justification-center is-layout-flex wp-container-core-buttons-is-layout-1 wp-block-buttons-is-layout-flex\">\n<div class=\"wp-block-button\"><a class=\"wp-block-button__link has-nv-c-2-background-color has-background wp-element-button\" href=\"https:\/\/archery.jawia.pl\/index.php\/kontakt\/\" style=\"border-radius:100px\">SKONTAKTUJ SI\u0118 Z NAMI<\/a><\/div>\n<\/div>\n\n\n\n<div style=\"height:20px\" aria-hidden=\"true\" class=\"wp-block-spacer\"><\/div>\n\n\n\n<p class=\"has-neve-text-color-color has-text-color\">Od pocz\u0105tku naszej przygody towarzyszy\u0142y <strong>nam \u0142uki tradycyjne<\/strong>. W tego typu \u0142ukach uj\u0119\u0142a nas ich prostota, w przeciwie\u0144stwie do \u0142uk\u00f3w bloczkowych. W naszym przypadku przygotowanie do strzelania ogranicza si\u0119 do za\u0142o\u017cenia ci\u0119ciwy i ustalenia jej odpowiedniej wysoko\u015bci wzgl\u0119dem \u0142uku. Strzelamy intuicyjnie, bez jakichkolwiek przyrz\u0105d\u00f3w celowniczych. \u0141ucznictwo tradycyjne jest nasz\u0105 pasj\u0105. Sposobem na sp\u0119dzanie wolnego czasu i ulubion\u0105 form\u0105 aktywno\u015bci fizycznej.&nbsp;<\/p>\n\n\n\n<figure class=\"wp-block-gallery has-nested-images columns-default is-cropped wp-block-gallery-1 is-layout-flex wp-block-gallery-is-layout-flex\">\n<figure class=\"wp-block-image size-large\"><img loading=\"lazy\" decoding=\"async\" width=\"1024\" height=\"683\" src=\"https:\/\/archery.jawia.pl\/wp-content\/uploads\/2023\/10\/arrow-2534199_1920-2-1024x683.jpg\" alt=\"\" class=\"wp-image-30\" srcset=\"https:\/\/archery.jawia.pl\/wp-content\/uploads\/2023\/10\/arrow-2534199_1920-2-1024x683.jpg 1024w, https:\/\/archery.jawia.pl\/wp-content\/uploads\/2023\/10\/arrow-2534199_1920-2-300x200.jpg 300w, https:\/\/archery.jawia.pl\/wp-content\/uploads\/2023\/10\/arrow-2534199_1920-2-768x512.jpg 768w, https:\/\/archery.jawia.pl\/wp-content\/uploads\/2023\/10\/arrow-2534199_1920-2-1536x1024.jpg 1536w, https:\/\/archery.jawia.pl\/wp-content\/uploads\/2023\/10\/arrow-2534199_1920-2-930x620.jpg 930w, https:\/\/archery.jawia.pl\/wp-content\/uploads\/2023\/10\/arrow-2534199_1920-2.jpg 1920w\" sizes=\"(max-width: 1024px) 100vw, 1024px\" \/><\/figure>\n\n\n\n<figure class=\"wp-block-image size-large\"><img loading=\"lazy\" decoding=\"async\" width=\"1024\" height=\"683\" src=\"https:\/\/archery.jawia.pl\/wp-content\/uploads\/2023\/10\/goal-755802_1920-1-1024x683.jpg\" alt=\"\" class=\"wp-image-73\" srcset=\"https:\/\/archery.jawia.pl\/wp-content\/uploads\/2023\/10\/goal-755802_1920-1-1024x683.jpg 1024w, https:\/\/archery.jawia.pl\/wp-content\/uploads\/2023\/10\/goal-755802_1920-1-300x200.jpg 300w, https:\/\/archery.jawia.pl\/wp-content\/uploads\/2023\/10\/goal-755802_1920-1-768x512.jpg 768w, https:\/\/archery.jawia.pl\/wp-content\/uploads\/2023\/10\/goal-755802_1920-1-1536x1024.jpg 1536w, https:\/\/archery.jawia.pl\/wp-content\/uploads\/2023\/10\/goal-755802_1920-1-930x620.jpg 930w, https:\/\/archery.jawia.pl\/wp-content\/uploads\/2023\/10\/goal-755802_1920-1.jpg 1920w\" sizes=\"(max-width: 1024px) 100vw, 1024px\" \/><\/figure>\n\n\n\n<figure class=\"wp-block-image size-large\"><img loading=\"lazy\" decoding=\"async\" width=\"1024\" height=\"683\" src=\"https:\/\/archery.jawia.pl\/wp-content\/uploads\/2023\/10\/arrow-2534204_1920-1-1024x683.jpg\" alt=\"\" class=\"wp-image-65\" srcset=\"https:\/\/archery.jawia.pl\/wp-content\/uploads\/2023\/10\/arrow-2534204_1920-1-1024x683.jpg 1024w, https:\/\/archery.jawia.pl\/wp-content\/uploads\/2023\/10\/arrow-2534204_1920-1-300x200.jpg 300w, https:\/\/archery.jawia.pl\/wp-content\/uploads\/2023\/10\/arrow-2534204_1920-1-768x512.jpg 768w, https:\/\/archery.jawia.pl\/wp-content\/uploads\/2023\/10\/arrow-2534204_1920-1-1536x1024.jpg 1536w, https:\/\/archery.jawia.pl\/wp-content\/uploads\/2023\/10\/arrow-2534204_1920-1-930x620.jpg 930w, https:\/\/archery.jawia.pl\/wp-content\/uploads\/2023\/10\/arrow-2534204_1920-1.jpg 1920w\" sizes=\"(max-width: 1024px) 100vw, 1024px\" \/><\/figure>\n<\/figure>\n\n\n\n<p class=\"has-nv-dark-bg-color has-text-color\">Informacja ta nie stanowi oferty w rozumieniu art. 66 Kodeksu cywilnego.<\/p>\n<\/div><\/div>\n<\/div><\/div>\n","protected":false},"excerpt":{"rendered":"","protected":false},"author":1,"featured_media":0,"parent":0,"menu_order":0,"comment_status":"closed","ping_status":"closed","template":"","meta":{"neve_meta_sidebar":"","neve_meta_container":"","neve_meta_enable_content_width":"on","neve_meta_content_width":100,"neve_meta_title_alignment":"","neve_meta_author_avatar":"","neve_post_elements_order":"","neve_meta_disable_header":"","neve_meta_disable_footer":"","neve_meta_disable_title":"on","footnotes":""},"class_list":["post-10","page","type-page","status-publish","hentry"],"_links":{"self":[{"href":"https:\/\/archery.jawia.pl\/index.php\/wp-json\/wp\/v2\/pages\/10"}],"collection":[{"href":"https:\/\/archery.jawia.pl\/index.php\/wp-json\/wp\/v2\/pages"}],"about":[{"href":"https:\/\/archery.jawia.pl\/index.php\/wp-json\/wp\/v2\/types\/page"}],"author":[{"embeddable":true,"href":"https:\/\/archery.jawia.pl\/index.php\/wp-json\/wp\/v2\/users\/1"}],"replies":[{"embeddable":true,"href":"https:\/\/archery.jawia.pl\/index.php\/wp-json\/wp\/v2\/comments?post=10"}],"version-history":[{"count":14,"href":"https:\/\/archery.jawia.pl\/index.php\/wp-json\/wp\/v2\/pages\/10\/revisions"}],"predecessor-version":[{"id":233,"href":"https:\/\/archery.jawia.pl\/index.php\/wp-json\/wp\/v2\/pages\/10\/revisions\/233"}],"wp:attachment":[{"href":"https:\/\/archery.jawia.pl\/index.php\/wp-json\/wp\/v2\/media?parent=10"}],"curies":[{"name":"wp","href":"https:\/\/api.w.org\/{rel}","templated":true}]}}